{"id":1461,"date":"2024-06-10T16:28:19","date_gmt":"2024-06-10T14:28:19","guid":{"rendered":"https:\/\/www.pockethouse.at\/quartier\/"},"modified":"2025-02-06T11:39:23","modified_gmt":"2025-02-06T10:39:23","slug":"quartier","status":"publish","type":"page","link":"https:\/\/www.pockethouse.at\/en\/quartier\/","title":{"rendered":"City Quarter"},"content":{"rendered":"<div class=\"wpb-content-wrapper\"><p>[vc_row full_width=&#8221;stretch_row&#8221; el_class=&#8221;black-row&#8221;][vc_column][vc_column_text css=&#8221;&#8221;]<\/p>\n<h1>Digital city quarter development<\/h1>\n<p>[\/vc_column_text][vc_row_inner][vc_column_inner width=&#8221;1\/2&#8243;][vc_single_image image=&#8221;505&#8243; img_size=&#8221;full&#8221; css=&#8221;&#8221;][\/vc_column_inner][vc_column_inner el_class=&#8221;mobile-order&#8221; width=&#8221;1\/2&#8243;][vc_single_image image=&#8221;1586&#8243; img_size=&#8221;full&#8221; alignment=&#8221;center&#8221; css=&#8221;&#8221; el_class=&#8221;body-star mobile-order-2 header-star&#8221;][vc_column_text css=&#8221;&#8221; el_class=&#8221;mobile-order-1 big-padding template-header-text&#8221;]<\/p>\n<h3>Your goal is a sustainable and smart neighborhood?<br \/>\nWe have the expertise.<\/h3>\n<p>[\/vc_column_text][\/vc_column_inner][\/vc_row_inner][vc_column_text css=&#8221;&#8221;]<\/p>\n<h2 style=\"text-align: center;\">Office Campus &#8211; Mixed Use \u2013 District<\/h2>\n<p>[\/vc_column_text][\/vc_column][\/vc_row][vc_row full_width=&#8221;stretch_row_content&#8221; equal_height=&#8221;yes&#8221; content_placement=&#8221;middle&#8221; el_class=&#8221;no-padding-row no-inner-padding-row&#8221;][vc_column width=&#8221;1\/2&#8243; el_class=&#8221;blue-col mobile-top-bot-padding&#8221;][vc_column_text css=&#8221;&#8221; el_class=&#8221;big-padding&#8221;]<\/p>\n<h3>Our Offer<\/h3>\n<p>The aim is to develop a city quarter concept using our \u201cPocket Quarters\u201d tool to create a smart, connected neighborhood of the future.<\/p>\n<ul>\n<li>Analysis of the planning project<\/li>\n<li>Development of a location ecosystem<\/li>\n<li>Tailored city quarter app<\/li>\n<li>Support from experts, planners &amp; IT project managers<\/li>\n<\/ul>\n<p>[\/vc_column_text][\/vc_column][vc_column width=&#8221;1\/2&#8243;][vc_single_image image=&#8221;912&#8243; img_size=&#8221;full&#8221; alignment=&#8221;center&#8221; css=&#8221;&#8221;][\/vc_column][\/vc_row][vc_row full_width=&#8221;stretch_row_content&#8221; equal_height=&#8221;yes&#8221; content_placement=&#8221;middle&#8221; el_class=&#8221;no-padding-row no-inner-padding-row white-row mobile-order&#8221;][vc_column width=&#8221;1\/2&#8243; el_class=&#8221;mobile-order-2&#8243;][vc_single_image image=&#8221;514&#8243; img_size=&#8221;full&#8221; alignment=&#8221;center&#8221; css=&#8221;&#8221;][\/vc_column][vc_column width=&#8221;1\/2&#8243; el_class=&#8221;mobile-top-bot-padding mobile-order-1 white-col&#8221;][vc_column_text css=&#8221;&#8221; el_class=&#8221;big-padding&#8221;]<\/p>\n<h3>Our Services<\/h3>\n<ul>\n<li>Shared building concepts<\/li>\n<li>Development of a digitally supported operating concept<\/li>\n<li>Support with hardware &amp; service provider selection<\/li>\n<li>Support with tenders for hardware, property management &#8230;<\/li>\n<li>Financing models (one-time and recurring costs)<\/li>\n<\/ul>\n<p>[\/vc_column_text][\/vc_column][\/vc_row][vc_row disable_element=&#8221;yes&#8221; el_class=&#8221;black-row&#8221;][vc_column][vc_column_text css=&#8221;&#8221;]<\/p>\n<h2>Happy Clients<\/h2>\n<p>[\/vc_column_text][vc_column_text]<\/p>\n<h3>Referenzen<\/h3>\n<p>[\/vc_column_text][\/vc_column][\/vc_row][vc_row gap=&#8221;20&#8243; disable_element=&#8221;yes&#8221; el_class=&#8221;black-row&#8221;][vc_column width=&#8221;1\/3&#8243; el_class=&#8221;blue-col black-text padding-30-col&#8221;][vc_column_text css=&#8221;&#8221;]<\/p>\n<h3>Leopold<br \/>\nQuartier<\/h3>\n<p>[\/vc_column_text][vc_single_image image=&#8221;510&#8243; img_size=&#8221;full&#8221; alignment=&#8221;right&#8221; css=&#8221;&#8221; el_class=&#8221;no-margin-bottom&#8221;][\/vc_column][vc_column width=&#8221;2\/3&#8243;][vc_column_text css=&#8221;&#8221;]\u201eAngefangen von der Quartiersentwicklung \u00fcber die Website und App bis hin zum zuk\u00fcnftigen Community Management hat uns Pocket House bei jedem Schritt begleitet. Wir konnten uns stets auf die Expertise verlassen und freuen uns mit Pocket House einen zuverl\u00e4ssigen Projektpartner zu haben.\u201c<\/p>\n<p><b>UBM Development<br \/>\nImmobilienentwickler<\/b>[\/vc_column_text][\/vc_column][\/vc_row][vc_row gap=&#8221;20&#8243; disable_element=&#8221;yes&#8221; el_class=&#8221;black-row&#8221;][vc_column width=&#8221;1\/3&#8243; el_class=&#8221;red-col black-text padding-30-col&#8221;][vc_column_text css=&#8221;&#8221;]<\/p>\n<h3>Althan<br \/>\nQuartier<\/h3>\n<p>[\/vc_column_text][vc_single_image image=&#8221;509&#8243; img_size=&#8221;full&#8221; alignment=&#8221;right&#8221; css=&#8221;&#8221; el_class=&#8221;no-margin-bottom&#8221;][\/vc_column][vc_column width=&#8221;2\/3&#8243;][vc_column_text css=&#8221;&#8221;]\u201ePocket House hat f\u00fcr den Standort EURO PLAZA eine Quartiersl\u00f6sung in Form einer App umgesetzt. Wir freuen uns f\u00fcr dieses Projekt einen hervorragenden Partner gefunden zu haben, mit dessen Hilfe wir f\u00fcr die Community vor Ort einen enormen Mehrwert bereitstellen k\u00f6nnen!\u201c<\/p>\n<p><b>6B47<br \/>\nMarketinggemeinschaft<\/b>[\/vc_column_text][\/vc_column][\/vc_row][vc_row][vc_column][vc_btn title=&#8221;Reference projects&#8221; style=&#8221;custom&#8221; custom_background=&#8221;#77fe5f&#8221; custom_text=&#8221;#1d1e21&#8243; shape=&#8221;round&#8221; align=&#8221;right&#8221; css=&#8221;&#8221; link=&#8221;url:https%3A%2F%2Fwww.pockethouse.at%2Freferenzen%2F|title:Referenzen&#8221; el_class=&#8221;pocket-button&#8221;][\/vc_column][\/vc_row]<\/p>\n<\/div>","protected":false},"excerpt":{"rendered":"<p>[vc_row full_width=&#8221;stretch_row&#8221; el_class=&#8221;black-row&#8221;][vc_column][vc_column_text css=&#8221;&#8221;] Digital city quarter development [\/vc_column_text][vc_row_inner][vc_column_inner width=&#8221;1\/2&#8243;][vc_single_image image=&#8221;505&#8243; img_size=&#8221;full&#8221; css=&#8221;&#8221;][\/vc_column_inner][vc_column_inner el_class=&#8221;mobile-order&#8221; width=&#8221;1\/2&#8243;][vc_single_image image=&#8221;1586&#8243; img_size=&#8221;full&#8221; alignment=&#8221;center&#8221; css=&#8221;&#8221; el_class=&#8221;body-star mobile-order-2 header-star&#8221;][vc_column_text css=&#8221;&#8221; el_class=&#8221;mobile-order-1 big-padding template-header-text&#8221;] Your goal is a sustainable and smart neighborhood? We have the expertise. [\/vc_column_text][\/vc_column_inner][\/vc_row_inner][vc_column_text css=&#8221;&#8221;] Office Campus &#8211; Mixed Use \u2013 District [\/vc_column_text][\/vc_column][\/vc_row][vc_row full_width=&#8221;stretch_row_content&#8221; equal_height=&#8221;yes&#8221; content_placement=&#8221;middle&#8221; el_class=&#8221;no-padding-row no-inner-padding-row&#8221;][vc_column width=&#8221;1\/2&#8243; el_class=&#8221;blue-col [&hellip;]<\/p>\n","protected":false},"author":1,"featured_media":0,"parent":0,"menu_order":0,"comment_status":"closed","ping_status":"closed","template":"","meta":{"_acf_changed":false,"inline_featured_image":false,"ocean_post_layout":"","ocean_both_sidebars_style":"","ocean_both_sidebars_content_width":0,"ocean_both_sidebars_sidebars_width":0,"ocean_sidebar":"","ocean_second_sidebar":"","ocean_disable_margins":"enable","ocean_add_body_class":"","ocean_shortcode_before_top_bar":"","ocean_shortcode_after_top_bar":"","ocean_shortcode_before_header":"","ocean_shortcode_after_header":"","ocean_has_shortcode":"","ocean_shortcode_after_title":"","ocean_shortcode_before_footer_widgets":"","ocean_shortcode_after_footer_widgets":"","ocean_shortcode_before_footer_bottom":"","ocean_shortcode_after_footer_bottom":"","ocean_display_top_bar":"default","ocean_display_header":"default","ocean_header_style":"","ocean_center_header_left_menu":"","ocean_custom_header_template":"","ocean_custom_logo":0,"ocean_custom_retina_logo":0,"ocean_custom_logo_max_width":0,"ocean_custom_logo_tablet_max_width":0,"ocean_custom_logo_mobile_max_width":0,"ocean_custom_logo_max_height":0,"ocean_custom_logo_tablet_max_height":0,"ocean_custom_logo_mobile_max_height":0,"ocean_header_custom_menu":"","ocean_menu_typo_font_family":"","ocean_menu_typo_font_subset":"","ocean_menu_typo_font_size":0,"ocean_menu_typo_font_size_tablet":0,"ocean_menu_typo_font_size_mobile":0,"ocean_menu_typo_font_size_unit":"px","ocean_menu_typo_font_weight":"","ocean_menu_typo_font_weight_tablet":"","ocean_menu_typo_font_weight_mobile":"","ocean_menu_typo_transform":"","ocean_menu_typo_transform_tablet":"","ocean_menu_typo_transform_mobile":"","ocean_menu_typo_line_height":0,"ocean_menu_typo_line_height_tablet":0,"ocean_menu_typo_line_height_mobile":0,"ocean_menu_typo_line_height_unit":"","ocean_menu_typo_spacing":0,"ocean_menu_typo_spacing_tablet":0,"ocean_menu_typo_spacing_mobile":0,"ocean_menu_typo_spacing_unit":"","ocean_menu_link_color":"","ocean_menu_link_color_hover":"","ocean_menu_link_color_active":"","ocean_menu_link_background":"","ocean_menu_link_hover_background":"","ocean_menu_link_active_background":"","ocean_menu_social_links_bg":"","ocean_menu_social_hover_links_bg":"","ocean_menu_social_links_color":"","ocean_menu_social_hover_links_color":"","ocean_disable_title":"default","ocean_disable_heading":"default","ocean_post_title":"","ocean_post_subheading":"","ocean_post_title_style":"","ocean_post_title_background_color":"","ocean_post_title_background":0,"ocean_post_title_bg_image_position":"","ocean_post_title_bg_image_attachment":"","ocean_post_title_bg_image_repeat":"","ocean_post_title_bg_image_size":"","ocean_post_title_height":0,"ocean_post_title_bg_overlay":0.5,"ocean_post_title_bg_overlay_color":"","ocean_disable_breadcrumbs":"default","ocean_breadcrumbs_color":"","ocean_breadcrumbs_separator_color":"","ocean_breadcrumbs_links_color":"","ocean_breadcrumbs_links_hover_color":"","ocean_display_footer_widgets":"default","ocean_display_footer_bottom":"default","ocean_custom_footer_template":"","footnotes":"","_links_to":"","_links_to_target":""},"class_list":["post-1461","page","type-page","status-publish","hentry","entry"],"acf":[],"yoast_head":"<!-- This site is optimized with the Yoast SEO plugin v27.4 - https:\/\/yoast.com\/product\/yoast-seo-wordpress\/ -->\n<title>City Quarter - Pocket House<\/title>\n<meta name=\"robots\" content=\"index, follow, max-snippet:-1, max-image-preview:large, max-video-preview:-1\" \/>\n<link rel=\"canonical\" href=\"https:\/\/www.pockethouse.at\/en\/quartier\/\" \/>\n<meta property=\"og:locale\" content=\"en_US\" \/>\n<meta property=\"og:type\" content=\"article\" \/>\n<meta property=\"og:title\" content=\"City Quarter - Pocket House\" \/>\n<meta property=\"og:description\" content=\"[vc_row full_width=&#8221;stretch_row&#8221; el_class=&#8221;black-row&#8221;][vc_column][vc_column_text css=&#8221;&#8221;] Digital city quarter development [\/vc_column_text][vc_row_inner][vc_column_inner width=&#8221;1\/2&#8243;][vc_single_image image=&#8221;505&#8243; img_size=&#8221;full&#8221; css=&#8221;&#8221;][\/vc_column_inner][vc_column_inner el_class=&#8221;mobile-order&#8221; width=&#8221;1\/2&#8243;][vc_single_image image=&#8221;1586&#8243; img_size=&#8221;full&#8221; alignment=&#8221;center&#8221; css=&#8221;&#8221; el_class=&#8221;body-star mobile-order-2 header-star&#8221;][vc_column_text css=&#8221;&#8221; el_class=&#8221;mobile-order-1 big-padding template-header-text&#8221;] Your goal is a sustainable and smart neighborhood? We have the expertise. [\/vc_column_text][\/vc_column_inner][\/vc_row_inner][vc_column_text css=&#8221;&#8221;] Office Campus &#8211; Mixed Use \u2013 District [\/vc_column_text][\/vc_column][\/vc_row][vc_row full_width=&#8221;stretch_row_content&#8221; equal_height=&#8221;yes&#8221; content_placement=&#8221;middle&#8221; el_class=&#8221;no-padding-row no-inner-padding-row&#8221;][vc_column width=&#8221;1\/2&#8243; el_class=&#8221;blue-col [&hellip;]\" \/>\n<meta property=\"og:url\" content=\"https:\/\/www.pockethouse.at\/en\/quartier\/\" \/>\n<meta property=\"og:site_name\" content=\"Pocket House\" \/>\n<meta property=\"article:modified_time\" content=\"2025-02-06T10:39:23+00:00\" \/>\n<meta name=\"twitter:card\" content=\"summary_large_image\" \/>\n<meta name=\"twitter:label1\" content=\"Est. reading time\" \/>\n\t<meta name=\"twitter:data1\" content=\"3 minutes\" \/>\n<script type=\"application\/ld+json\" class=\"yoast-schema-graph\">{\"@context\":\"https:\\\/\\\/schema.org\",\"@graph\":[{\"@type\":\"WebPage\",\"@id\":\"https:\\\/\\\/www.pockethouse.at\\\/en\\\/quartier\\\/\",\"url\":\"https:\\\/\\\/www.pockethouse.at\\\/en\\\/quartier\\\/\",\"name\":\"City Quarter - Pocket House\",\"isPartOf\":{\"@id\":\"https:\\\/\\\/www.pockethouse.at\\\/en\\\/#website\"},\"datePublished\":\"2024-06-10T14:28:19+00:00\",\"dateModified\":\"2025-02-06T10:39:23+00:00\",\"breadcrumb\":{\"@id\":\"https:\\\/\\\/www.pockethouse.at\\\/en\\\/quartier\\\/#breadcrumb\"},\"inLanguage\":\"en-US\",\"potentialAction\":[{\"@type\":\"ReadAction\",\"target\":[\"https:\\\/\\\/www.pockethouse.at\\\/en\\\/quartier\\\/\"]}]},{\"@type\":\"BreadcrumbList\",\"@id\":\"https:\\\/\\\/www.pockethouse.at\\\/en\\\/quartier\\\/#breadcrumb\",\"itemListElement\":[{\"@type\":\"ListItem\",\"position\":1,\"name\":\"Startseite\",\"item\":\"https:\\\/\\\/www.pockethouse.at\\\/en\\\/\"},{\"@type\":\"ListItem\",\"position\":2,\"name\":\"City Quarter\"}]},{\"@type\":\"WebSite\",\"@id\":\"https:\\\/\\\/www.pockethouse.at\\\/en\\\/#website\",\"url\":\"https:\\\/\\\/www.pockethouse.at\\\/en\\\/\",\"name\":\"Pocket House\",\"description\":\"die Zukunft f\u00fcr digitales Geb\u00e4ude- und Quartiersmanagement\",\"publisher\":{\"@id\":\"https:\\\/\\\/www.pockethouse.at\\\/en\\\/#organization\"},\"potentialAction\":[{\"@type\":\"SearchAction\",\"target\":{\"@type\":\"EntryPoint\",\"urlTemplate\":\"https:\\\/\\\/www.pockethouse.at\\\/en\\\/?s={search_term_string}\"},\"query-input\":{\"@type\":\"PropertyValueSpecification\",\"valueRequired\":true,\"valueName\":\"search_term_string\"}}],\"inLanguage\":\"en-US\"},{\"@type\":\"Organization\",\"@id\":\"https:\\\/\\\/www.pockethouse.at\\\/en\\\/#organization\",\"name\":\"Pocket House\",\"url\":\"https:\\\/\\\/www.pockethouse.at\\\/en\\\/\",\"logo\":{\"@type\":\"ImageObject\",\"inLanguage\":\"en-US\",\"@id\":\"https:\\\/\\\/www.pockethouse.at\\\/en\\\/#\\\/schema\\\/logo\\\/image\\\/\",\"url\":\"https:\\\/\\\/www.pockethouse.at\\\/wp-content\\\/uploads\\\/2024\\\/03\\\/PH-Logo-Header-big.svg\",\"contentUrl\":\"https:\\\/\\\/www.pockethouse.at\\\/wp-content\\\/uploads\\\/2024\\\/03\\\/PH-Logo-Header-big.svg\",\"width\":786,\"height\":328,\"caption\":\"Pocket House\"},\"image\":{\"@id\":\"https:\\\/\\\/www.pockethouse.at\\\/en\\\/#\\\/schema\\\/logo\\\/image\\\/\"},\"sameAs\":[\"https:\\\/\\\/www.linkedin.com\\\/company\\\/pocket-house-gmbh\\\/?originalSubdomain=at\"]}]}<\/script>\n<!-- \/ Yoast SEO plugin. -->","yoast_head_json":{"title":"City Quarter - Pocket House","robots":{"index":"index","follow":"follow","max-snippet":"max-snippet:-1","max-image-preview":"max-image-preview:large","max-video-preview":"max-video-preview:-1"},"canonical":"https:\/\/www.pockethouse.at\/en\/quartier\/","og_locale":"en_US","og_type":"article","og_title":"City Quarter - Pocket House","og_description":"[vc_row full_width=&#8221;stretch_row&#8221; el_class=&#8221;black-row&#8221;][vc_column][vc_column_text css=&#8221;&#8221;] Digital city quarter development [\/vc_column_text][vc_row_inner][vc_column_inner width=&#8221;1\/2&#8243;][vc_single_image image=&#8221;505&#8243; img_size=&#8221;full&#8221; css=&#8221;&#8221;][\/vc_column_inner][vc_column_inner el_class=&#8221;mobile-order&#8221; width=&#8221;1\/2&#8243;][vc_single_image image=&#8221;1586&#8243; img_size=&#8221;full&#8221; alignment=&#8221;center&#8221; css=&#8221;&#8221; el_class=&#8221;body-star mobile-order-2 header-star&#8221;][vc_column_text css=&#8221;&#8221; el_class=&#8221;mobile-order-1 big-padding template-header-text&#8221;] Your goal is a sustainable and smart neighborhood? We have the expertise. [\/vc_column_text][\/vc_column_inner][\/vc_row_inner][vc_column_text css=&#8221;&#8221;] Office Campus &#8211; Mixed Use \u2013 District [\/vc_column_text][\/vc_column][\/vc_row][vc_row full_width=&#8221;stretch_row_content&#8221; equal_height=&#8221;yes&#8221; content_placement=&#8221;middle&#8221; el_class=&#8221;no-padding-row no-inner-padding-row&#8221;][vc_column width=&#8221;1\/2&#8243; el_class=&#8221;blue-col [&hellip;]","og_url":"https:\/\/www.pockethouse.at\/en\/quartier\/","og_site_name":"Pocket House","article_modified_time":"2025-02-06T10:39:23+00:00","twitter_card":"summary_large_image","twitter_misc":{"Est. reading time":"3 minutes"},"schema":{"@context":"https:\/\/schema.org","@graph":[{"@type":"WebPage","@id":"https:\/\/www.pockethouse.at\/en\/quartier\/","url":"https:\/\/www.pockethouse.at\/en\/quartier\/","name":"City Quarter - Pocket House","isPartOf":{"@id":"https:\/\/www.pockethouse.at\/en\/#website"},"datePublished":"2024-06-10T14:28:19+00:00","dateModified":"2025-02-06T10:39:23+00:00","breadcrumb":{"@id":"https:\/\/www.pockethouse.at\/en\/quartier\/#breadcrumb"},"inLanguage":"en-US","potentialAction":[{"@type":"ReadAction","target":["https:\/\/www.pockethouse.at\/en\/quartier\/"]}]},{"@type":"BreadcrumbList","@id":"https:\/\/www.pockethouse.at\/en\/quartier\/#breadcrumb","itemListElement":[{"@type":"ListItem","position":1,"name":"Startseite","item":"https:\/\/www.pockethouse.at\/en\/"},{"@type":"ListItem","position":2,"name":"City Quarter"}]},{"@type":"WebSite","@id":"https:\/\/www.pockethouse.at\/en\/#website","url":"https:\/\/www.pockethouse.at\/en\/","name":"Pocket House","description":"die Zukunft f\u00fcr digitales Geb\u00e4ude- und Quartiersmanagement","publisher":{"@id":"https:\/\/www.pockethouse.at\/en\/#organization"},"potentialAction":[{"@type":"SearchAction","target":{"@type":"EntryPoint","urlTemplate":"https:\/\/www.pockethouse.at\/en\/?s={search_term_string}"},"query-input":{"@type":"PropertyValueSpecification","valueRequired":true,"valueName":"search_term_string"}}],"inLanguage":"en-US"},{"@type":"Organization","@id":"https:\/\/www.pockethouse.at\/en\/#organization","name":"Pocket House","url":"https:\/\/www.pockethouse.at\/en\/","logo":{"@type":"ImageObject","inLanguage":"en-US","@id":"https:\/\/www.pockethouse.at\/en\/#\/schema\/logo\/image\/","url":"https:\/\/www.pockethouse.at\/wp-content\/uploads\/2024\/03\/PH-Logo-Header-big.svg","contentUrl":"https:\/\/www.pockethouse.at\/wp-content\/uploads\/2024\/03\/PH-Logo-Header-big.svg","width":786,"height":328,"caption":"Pocket House"},"image":{"@id":"https:\/\/www.pockethouse.at\/en\/#\/schema\/logo\/image\/"},"sameAs":["https:\/\/www.linkedin.com\/company\/pocket-house-gmbh\/?originalSubdomain=at"]}]}},"_links":{"self":[{"href":"https:\/\/www.pockethouse.at\/en\/wp-json\/wp\/v2\/pages\/1461","targetHints":{"allow":["GET"]}}],"collection":[{"href":"https:\/\/www.pockethouse.at\/en\/wp-json\/wp\/v2\/pages"}],"about":[{"href":"https:\/\/www.pockethouse.at\/en\/wp-json\/wp\/v2\/types\/page"}],"author":[{"embeddable":true,"href":"https:\/\/www.pockethouse.at\/en\/wp-json\/wp\/v2\/users\/1"}],"replies":[{"embeddable":true,"href":"https:\/\/www.pockethouse.at\/en\/wp-json\/wp\/v2\/comments?post=1461"}],"version-history":[{"count":4,"href":"https:\/\/www.pockethouse.at\/en\/wp-json\/wp\/v2\/pages\/1461\/revisions"}],"predecessor-version":[{"id":1588,"href":"https:\/\/www.pockethouse.at\/en\/wp-json\/wp\/v2\/pages\/1461\/revisions\/1588"}],"wp:attachment":[{"href":"https:\/\/www.pockethouse.at\/en\/wp-json\/wp\/v2\/media?parent=1461"}],"curies":[{"name":"wp","href":"https:\/\/api.w.org\/{rel}","templated":true}]}}